{"id":15,"date":"2020-11-30T12:30:55","date_gmt":"2020-11-30T12:30:55","guid":{"rendered":"https:\/\/www.frederiquehome.ch\/?page_id=15"},"modified":"2026-04-16T10:29:18","modified_gmt":"2026-04-16T10:29:18","slug":"contact","status":"publish","type":"page","link":"https:\/\/www.frederiquehome.ch\/en\/contact\/","title":{"rendered":"Contact"},"content":{"rendered":"\t\t<div data-elementor-type=\"wp-page\" data-elementor-id=\"15\" class=\"elementor elementor-15\" data-elementor-post-type=\"page\">\n\t\t\t\t\t\t<section class=\"elementor-section elementor-top-section elementor-element elementor-element-a9c80fd elementor-section-height-min-height elementor-section-items-bottom elementor-section-boxed elementor-section-height-default mkdf-parallax-row-no mkdf-content-aligment-left mkdf-elementor-row-grid-no mkdf-disabled-bg-image-bellow-no\" data-id=\"a9c80fd\" data-element_type=\"section\" data-e-type=\"section\" data-settings=\"{&quot;jet_parallax_layout_list&quot;:[{&quot;jet_parallax_layout_image&quot;:{&quot;url&quot;:&quot;&quot;,&quot;id&quot;:&quot;&quot;,&quot;size&quot;:&quot;&quot;},&quot;_id&quot;:&quot;3c15cb0&quot;,&quot;jet_parallax_layout_image_tablet&quot;:{&quot;url&quot;:&quot;&quot;,&quot;id&quot;:&quot;&quot;,&quot;size&quot;:&quot;&quot;},&quot;jet_parallax_layout_image_mobile&quot;:{&quot;url&quot;:&quot;&quot;,&quot;id&quot;:&quot;&quot;,&quot;size&quot;:&quot;&quot;},&quot;jet_parallax_layout_speed&quot;:{&quot;unit&quot;:&quot;%&quot;,&quot;size&quot;:50,&quot;sizes&quot;:[]},&quot;jet_parallax_layout_type&quot;:&quot;scroll&quot;,&quot;jet_parallax_layout_direction&quot;:&quot;1&quot;,&quot;jet_parallax_layout_fx_direction&quot;:null,&quot;jet_parallax_layout_z_index&quot;:&quot;&quot;,&quot;jet_parallax_layout_bg_x&quot;:50,&quot;jet_parallax_layout_bg_x_tablet&quot;:&quot;&quot;,&quot;jet_parallax_layout_bg_x_mobile&quot;:&quot;&quot;,&quot;jet_parallax_layout_bg_y&quot;:50,&quot;jet_parallax_layout_bg_y_tablet&quot;:&quot;&quot;,&quot;jet_parallax_layout_bg_y_mobile&quot;:&quot;&quot;,&quot;jet_parallax_layout_bg_size&quot;:&quot;auto&quot;,&quot;jet_parallax_layout_bg_size_tablet&quot;:&quot;&quot;,&quot;jet_parallax_layout_bg_size_mobile&quot;:&quot;&quot;,&quot;jet_parallax_layout_animation_prop&quot;:&quot;transform&quot;,&quot;jet_parallax_layout_on&quot;:[&quot;desktop&quot;,&quot;tablet&quot;]}],&quot;background_background&quot;:&quot;classic&quot;}\">\n\t\t\t\t\t\t\t<div class=\"elementor-background-overlay\"><\/div>\n\t\t\t\t\t\t\t<div class=\"elementor-container elementor-column-gap-default\">\n\t\t\t\t\t<div class=\"elementor-column elementor-col-100 elementor-top-column elementor-element elementor-element-f2a1d99\" data-id=\"f2a1d99\" data-element_type=\"column\" data-e-type=\"column\">\n\t\t\t<div class=\"elementor-widget-wrap\">\n\t\t\t\t\t\t\t<\/div>\n\t\t<\/div>\n\t\t\t\t\t<\/div>\n\t\t<\/section>\n\t\t\t\t<section class=\"elementor-section elementor-top-section elementor-element elementor-element-e1aaf4f elementor-section-boxed elementor-section-height-default elementor-section-height-default mkdf-parallax-row-no mkdf-content-aligment-left mkdf-elementor-row-grid-no mkdf-disabled-bg-image-bellow-no\" data-id=\"e1aaf4f\" data-element_type=\"section\" data-e-type=\"section\" data-settings=\"{&quot;jet_parallax_layout_list&quot;:[{&quot;jet_parallax_layout_image&quot;:{&quot;url&quot;:&quot;&quot;,&quot;id&quot;:&quot;&quot;,&quot;size&quot;:&quot;&quot;},&quot;_id&quot;:&quot;9dfcfd3&quot;,&quot;jet_parallax_layout_image_tablet&quot;:{&quot;url&quot;:&quot;&quot;,&quot;id&quot;:&quot;&quot;,&quot;size&quot;:&quot;&quot;},&quot;jet_parallax_layout_image_mobile&quot;:{&quot;url&quot;:&quot;&quot;,&quot;id&quot;:&quot;&quot;,&quot;size&quot;:&quot;&quot;},&quot;jet_parallax_layout_speed&quot;:{&quot;unit&quot;:&quot;%&quot;,&quot;size&quot;:50,&quot;sizes&quot;:[]},&quot;jet_parallax_layout_type&quot;:&quot;scroll&quot;,&quot;jet_parallax_layout_direction&quot;:&quot;1&quot;,&quot;jet_parallax_layout_fx_direction&quot;:null,&quot;jet_parallax_layout_z_index&quot;:&quot;&quot;,&quot;jet_parallax_layout_bg_x&quot;:50,&quot;jet_parallax_layout_bg_x_tablet&quot;:&quot;&quot;,&quot;jet_parallax_layout_bg_x_mobile&quot;:&quot;&quot;,&quot;jet_parallax_layout_bg_y&quot;:50,&quot;jet_parallax_layout_bg_y_tablet&quot;:&quot;&quot;,&quot;jet_parallax_layout_bg_y_mobile&quot;:&quot;&quot;,&quot;jet_parallax_layout_bg_size&quot;:&quot;auto&quot;,&quot;jet_parallax_layout_bg_size_tablet&quot;:&quot;&quot;,&quot;jet_parallax_layout_bg_size_mobile&quot;:&quot;&quot;,&quot;jet_parallax_layout_animation_prop&quot;:&quot;transform&quot;,&quot;jet_parallax_layout_on&quot;:[&quot;desktop&quot;,&quot;tablet&quot;]}]}\">\n\t\t\t\t\t\t<div class=\"elementor-container elementor-column-gap-default\">\n\t\t\t\t\t<div class=\"elementor-column elementor-col-100 elementor-top-column elementor-element elementor-element-d2e187d\" data-id=\"d2e187d\" data-element_type=\"column\" data-e-type=\"column\">\n\t\t\t<div class=\"elementor-widget-wrap elementor-element-populated\">\n\t\t\t\t\t\t<div class=\"elementor-element elementor-element-d80e2a0 elementor-widget elementor-widget-heading\" data-id=\"d80e2a0\" data-element_type=\"widget\" data-e-type=\"widget\" data-widget_type=\"heading.default\">\n\t\t\t\t<div class=\"elementor-widget-container\">\n\t\t\t\t\t<h1 class=\"elementor-heading-title elementor-size-default\">KONTAKT<\/h1>\t\t\t\t<\/div>\n\t\t\t\t<\/div>\n\t\t\t\t<div class=\"elementor-element elementor-element-cea5ff1 elementor-widget elementor-widget-text-editor\" data-id=\"cea5ff1\" data-element_type=\"widget\" data-e-type=\"widget\" data-widget_type=\"text-editor.default\">\n\t\t\t\t<div class=\"elementor-widget-container\">\n\t\t\t\t\t\t\t\t\t<p>Frederique Home hat ihren Sitz in Bern, Schweiz. Sie k\u00f6nnen Frederique auf ihrem Mobiltelefon erreichen.<\/p><p><span style=\"vertical-align: inherit;\"><span style=\"vertical-align: inherit;\"><span style=\"vertical-align: inherit;\">Tel: <\/span><\/span><\/span><span style=\"vertical-align: inherit;\"><span style=\"vertical-align: inherit;\"><span style=\"vertical-align: inherit;\">+41 78 612 00 08<br \/>Email: <a href=\"mailto:frederique@frederiquehome.ch\">frederique@frederiquehome.ch<\/a><\/span><\/span><\/span><\/p>\t\t\t\t\t\t\t\t<\/div>\n\t\t\t\t<\/div>\n\t\t\t\t<div class=\"elementor-element elementor-element-3a06b41 elementor-widget elementor-widget-text-editor\" data-id=\"3a06b41\" data-element_type=\"widget\" data-e-type=\"widget\" data-widget_type=\"text-editor.default\">\n\t\t\t\t<div class=\"elementor-widget-container\">\n\t\t\t\t\t\t\t\t\t<p>&#171;Ich bevorzuge das pers\u00f6nliche Gespr\u00e4ch am Telefon mit potenziellen Kunden. Das macht es einfacher um sich ein Bild machen zu k\u00f6nnen, Fragen zu beantworten oder \u00fcber Ideen f\u00fcr m\u00f6gliche Projekte zu sprechen.&#187;<br \/><span style=\"vertical-align: inherit;\"><span style=\"vertical-align: inherit;\">&#8211; Frederique<\/span><\/span><\/p>\t\t\t\t\t\t\t\t<\/div>\n\t\t\t\t<\/div>\n\t\t\t\t<div class=\"elementor-element elementor-element-9676bd0 elementor-widget elementor-widget-text-editor\" data-id=\"9676bd0\" data-element_type=\"widget\" data-e-type=\"widget\" data-widget_type=\"text-editor.default\">\n\t\t\t\t<div class=\"elementor-widget-container\">\n\t\t\t\t\t\t\t\t\t<p>Falls Sie lieber eine E-Mail schreiben m\u00f6chten, ist dies nat\u00fcrlich auch m\u00f6glich. Email:\u00a0frederique@frederiquehome.ch<\/p>\t\t\t\t\t\t\t\t<\/div>\n\t\t\t\t<\/div>\n\t\t\t\t<div class=\"elementor-element elementor-element-36970e0 elementor-widget elementor-widget-text-editor\" data-id=\"36970e0\" data-element_type=\"widget\" data-e-type=\"widget\" data-widget_type=\"text-editor.default\">\n\t\t\t\t<div class=\"elementor-widget-container\">\n\t\t\t\t\t\t\t\t\t<p>Verbinden Sie sich mit<br \/><strong><span style=\"vertical-align: inherit;\"><span style=\"vertical-align: inherit;\">FREDERIQUE HOME<\/span><\/span><\/strong><\/p>\t\t\t\t\t\t\t\t<\/div>\n\t\t\t\t<\/div>\n\t\t\t\t<div class=\"elementor-element elementor-element-fb217dd elementor-shape-rounded elementor-grid-0 e-grid-align-center elementor-widget elementor-widget-social-icons\" data-id=\"fb217dd\" data-element_type=\"widget\" data-e-type=\"widget\" data-widget_type=\"social-icons.default\">\n\t\t\t\t<div class=\"elementor-widget-container\">\n\t\t\t\t\t\t\t<div class=\"elementor-social-icons-wrapper elementor-grid\" role=\"list\">\n\t\t\t\t\t\t\t<span class=\"elementor-grid-item\" role=\"listitem\">\n\t\t\t\t\t<a class=\"elementor-icon elementor-social-icon elementor-social-icon-instagram elementor-repeater-item-d763283\" href=\"https:\/\/www.instagram.com\/frederiquehome\/\" target=\"_blank\">\n\t\t\t\t\t\t<span class=\"elementor-screen-only\">Instagram<\/span>\n\t\t\t\t\t\t<i aria-hidden=\"true\" class=\"fab fa-instagram\"><\/i>\t\t\t\t\t<\/a>\n\t\t\t\t<\/span>\n\t\t\t\t\t\t\t<span class=\"elementor-grid-item\" role=\"listitem\">\n\t\t\t\t\t<a class=\"elementor-icon elementor-social-icon elementor-social-icon-facebook elementor-repeater-item-6da3168\" href=\"https:\/\/www.facebook.com\/frederiquehome\/\" target=\"_blank\">\n\t\t\t\t\t\t<span class=\"elementor-screen-only\">Facebook<\/span>\n\t\t\t\t\t\t<i aria-hidden=\"true\" class=\"fab fa-facebook\"><\/i>\t\t\t\t\t<\/a>\n\t\t\t\t<\/span>\n\t\t\t\t\t<\/div>\n\t\t\t\t\t\t<\/div>\n\t\t\t\t<\/div>\n\t\t\t\t\t<\/div>\n\t\t<\/div>\n\t\t\t\t\t<\/div>\n\t\t<\/section>\n\t\t\t\t<\/div>\n\t\t","protected":false},"excerpt":{"rendered":"<p>KONTAKT Frederique Home hat ihren Sitz in Bern, Schweiz. Sie k\u00f6nnen Frederique auf ihrem Mobiltelefon erreichen. Tel: +41 78 612 00 08Email: frederique@frederiquehome.ch &#171;Ich bevorzuge das pers\u00f6nliche Gespr\u00e4ch am Telefon mit potenziellen Kunden. Das macht es einfacher um sich ein [&hellip;]<\/p>\n","protected":false},"author":2,"featured_media":0,"parent":0,"menu_order":0,"comment_status":"closed","ping_status":"closed","template":"elementor_header_footer","meta":{"_acf_changed":false,"footnotes":""},"class_list":["post-15","page","type-page","status-publish","hentry"],"acf":[],"yoast_head":"<!-- This site is optimized with the Yoast SEO plugin v27.4 - https:\/\/yoast.com\/product\/yoast-seo-wordpress\/ -->\n<title>Contact - Frederique Home<\/title>\n<meta name=\"robots\" content=\"index, follow, max-snippet:-1, max-image-preview:large, max-video-preview:-1\" \/>\n<link rel=\"canonical\" href=\"https:\/\/www.frederiquehome.ch\/en\/contact\/\" \/>\n<meta property=\"og:locale\" content=\"en_GB\" \/>\n<meta property=\"og:type\" content=\"article\" \/>\n<meta property=\"og:title\" content=\"Contact - Frederique Home\" \/>\n<meta property=\"og:description\" content=\"KONTAKT Frederique Home hat ihren Sitz in Bern, Schweiz. Sie k\u00f6nnen Frederique auf ihrem Mobiltelefon erreichen. Tel: +41 78 612 00 08Email: frederique@frederiquehome.ch &#171;Ich bevorzuge das pers\u00f6nliche Gespr\u00e4ch am Telefon mit potenziellen Kunden. Das macht es einfacher um sich ein [&hellip;]\" \/>\n<meta property=\"og:url\" content=\"https:\/\/www.frederiquehome.ch\/en\/contact\/\" \/>\n<meta property=\"og:site_name\" content=\"Frederique Home\" \/>\n<meta property=\"article:modified_time\" content=\"2026-04-16T10:29:18+00:00\" \/>\n<meta name=\"twitter:card\" content=\"summary_large_image\" \/>\n<meta name=\"twitter:label1\" content=\"Estimated reading time\" \/>\n\t<meta name=\"twitter:data1\" content=\"1 minute\" \/>\n<script type=\"application\/ld+json\" class=\"yoast-schema-graph\">{\"@context\":\"https:\\\/\\\/schema.org\",\"@graph\":[{\"@type\":\"WebPage\",\"@id\":\"https:\\\/\\\/www.frederiquehome.ch\\\/contact\\\/\",\"url\":\"https:\\\/\\\/www.frederiquehome.ch\\\/contact\\\/\",\"name\":\"Contact - Frederique Home\",\"isPartOf\":{\"@id\":\"https:\\\/\\\/www.frederiquehome.ch\\\/#website\"},\"datePublished\":\"2020-11-30T12:30:55+00:00\",\"dateModified\":\"2026-04-16T10:29:18+00:00\",\"breadcrumb\":{\"@id\":\"https:\\\/\\\/www.frederiquehome.ch\\\/contact\\\/#breadcrumb\"},\"inLanguage\":\"en-GB\",\"potentialAction\":[{\"@type\":\"ReadAction\",\"target\":[\"https:\\\/\\\/www.frederiquehome.ch\\\/contact\\\/\"]}]},{\"@type\":\"BreadcrumbList\",\"@id\":\"https:\\\/\\\/www.frederiquehome.ch\\\/contact\\\/#breadcrumb\",\"itemListElement\":[{\"@type\":\"ListItem\",\"position\":1,\"name\":\"Home\",\"item\":\"https:\\\/\\\/www.frederiquehome.ch\\\/\"},{\"@type\":\"ListItem\",\"position\":2,\"name\":\"Contact\"}]},{\"@type\":\"WebSite\",\"@id\":\"https:\\\/\\\/www.frederiquehome.ch\\\/#website\",\"url\":\"https:\\\/\\\/www.frederiquehome.ch\\\/\",\"name\":\"Frederique Home\",\"description\":\"\",\"publisher\":{\"@id\":\"https:\\\/\\\/www.frederiquehome.ch\\\/#organization\"},\"potentialAction\":[{\"@type\":\"SearchAction\",\"target\":{\"@type\":\"EntryPoint\",\"urlTemplate\":\"https:\\\/\\\/www.frederiquehome.ch\\\/?s={search_term_string}\"},\"query-input\":{\"@type\":\"PropertyValueSpecification\",\"valueRequired\":true,\"valueName\":\"search_term_string\"}}],\"inLanguage\":\"en-GB\"},{\"@type\":\"Organization\",\"@id\":\"https:\\\/\\\/www.frederiquehome.ch\\\/#organization\",\"name\":\"Frederique Home\",\"url\":\"https:\\\/\\\/www.frederiquehome.ch\\\/\",\"logo\":{\"@type\":\"ImageObject\",\"inLanguage\":\"en-GB\",\"@id\":\"https:\\\/\\\/www.frederiquehome.ch\\\/#\\\/schema\\\/logo\\\/image\\\/\",\"url\":\"https:\\\/\\\/www.frederiquehome.ch\\\/wp-content\\\/uploads\\\/2021\\\/05\\\/Logo-Frederique-01.png\",\"contentUrl\":\"https:\\\/\\\/www.frederiquehome.ch\\\/wp-content\\\/uploads\\\/2021\\\/05\\\/Logo-Frederique-01.png\",\"width\":2776,\"height\":3276,\"caption\":\"Frederique Home\"},\"image\":{\"@id\":\"https:\\\/\\\/www.frederiquehome.ch\\\/#\\\/schema\\\/logo\\\/image\\\/\"}}]}<\/script>\n<!-- \/ Yoast SEO plugin. -->","yoast_head_json":{"title":"Contact - Frederique Home","robots":{"index":"index","follow":"follow","max-snippet":"max-snippet:-1","max-image-preview":"max-image-preview:large","max-video-preview":"max-video-preview:-1"},"canonical":"https:\/\/www.frederiquehome.ch\/en\/contact\/","og_locale":"en_GB","og_type":"article","og_title":"Contact - Frederique Home","og_description":"KONTAKT Frederique Home hat ihren Sitz in Bern, Schweiz. Sie k\u00f6nnen Frederique auf ihrem Mobiltelefon erreichen. Tel: +41 78 612 00 08Email: frederique@frederiquehome.ch &#171;Ich bevorzuge das pers\u00f6nliche Gespr\u00e4ch am Telefon mit potenziellen Kunden. Das macht es einfacher um sich ein [&hellip;]","og_url":"https:\/\/www.frederiquehome.ch\/en\/contact\/","og_site_name":"Frederique Home","article_modified_time":"2026-04-16T10:29:18+00:00","twitter_card":"summary_large_image","twitter_misc":{"Estimated reading time":"1 minute"},"schema":{"@context":"https:\/\/schema.org","@graph":[{"@type":"WebPage","@id":"https:\/\/www.frederiquehome.ch\/contact\/","url":"https:\/\/www.frederiquehome.ch\/contact\/","name":"Contact - Frederique Home","isPartOf":{"@id":"https:\/\/www.frederiquehome.ch\/#website"},"datePublished":"2020-11-30T12:30:55+00:00","dateModified":"2026-04-16T10:29:18+00:00","breadcrumb":{"@id":"https:\/\/www.frederiquehome.ch\/contact\/#breadcrumb"},"inLanguage":"en-GB","potentialAction":[{"@type":"ReadAction","target":["https:\/\/www.frederiquehome.ch\/contact\/"]}]},{"@type":"BreadcrumbList","@id":"https:\/\/www.frederiquehome.ch\/contact\/#breadcrumb","itemListElement":[{"@type":"ListItem","position":1,"name":"Home","item":"https:\/\/www.frederiquehome.ch\/"},{"@type":"ListItem","position":2,"name":"Contact"}]},{"@type":"WebSite","@id":"https:\/\/www.frederiquehome.ch\/#website","url":"https:\/\/www.frederiquehome.ch\/","name":"Frederique Home","description":"","publisher":{"@id":"https:\/\/www.frederiquehome.ch\/#organization"},"potentialAction":[{"@type":"SearchAction","target":{"@type":"EntryPoint","urlTemplate":"https:\/\/www.frederiquehome.ch\/?s={search_term_string}"},"query-input":{"@type":"PropertyValueSpecification","valueRequired":true,"valueName":"search_term_string"}}],"inLanguage":"en-GB"},{"@type":"Organization","@id":"https:\/\/www.frederiquehome.ch\/#organization","name":"Frederique Home","url":"https:\/\/www.frederiquehome.ch\/","logo":{"@type":"ImageObject","inLanguage":"en-GB","@id":"https:\/\/www.frederiquehome.ch\/#\/schema\/logo\/image\/","url":"https:\/\/www.frederiquehome.ch\/wp-content\/uploads\/2021\/05\/Logo-Frederique-01.png","contentUrl":"https:\/\/www.frederiquehome.ch\/wp-content\/uploads\/2021\/05\/Logo-Frederique-01.png","width":2776,"height":3276,"caption":"Frederique Home"},"image":{"@id":"https:\/\/www.frederiquehome.ch\/#\/schema\/logo\/image\/"}}]}},"_links":{"self":[{"href":"https:\/\/www.frederiquehome.ch\/en\/wp-json\/wp\/v2\/pages\/15","targetHints":{"allow":["GET"]}}],"collection":[{"href":"https:\/\/www.frederiquehome.ch\/en\/wp-json\/wp\/v2\/pages"}],"about":[{"href":"https:\/\/www.frederiquehome.ch\/en\/wp-json\/wp\/v2\/types\/page"}],"author":[{"embeddable":true,"href":"https:\/\/www.frederiquehome.ch\/en\/wp-json\/wp\/v2\/users\/2"}],"replies":[{"embeddable":true,"href":"https:\/\/www.frederiquehome.ch\/en\/wp-json\/wp\/v2\/comments?post=15"}],"version-history":[{"count":157,"href":"https:\/\/www.frederiquehome.ch\/en\/wp-json\/wp\/v2\/pages\/15\/revisions"}],"predecessor-version":[{"id":1802,"href":"https:\/\/www.frederiquehome.ch\/en\/wp-json\/wp\/v2\/pages\/15\/revisions\/1802"}],"wp:attachment":[{"href":"https:\/\/www.frederiquehome.ch\/en\/wp-json\/wp\/v2\/media?parent=15"}],"curies":[{"name":"wp","href":"https:\/\/api.w.org\/{rel}","templated":true}]}}